{"id":65,"date":"2015-07-22T12:24:04","date_gmt":"2015-07-22T10:24:04","guid":{"rendered":"https:\/\/nasaworldmap.com\/?page_id=65"},"modified":"2021-06-18T11:39:40","modified_gmt":"2021-06-18T09:39:40","slug":"impressum","status":"publish","type":"page","link":"https:\/\/nasaworldmap.com\/index.php\/impressum\/","title":{"rendered":"Impressum"},"content":{"rendered":"<h3>Angaben gem\u00e4\u00df \u00a7 5 TMG:<\/h3>\n<div>\n<p>FTT Forensic Discovery GmbH<br \/>\nDammw\u00e4ldchen 3<br \/>\n95444 Bayreuth<\/p>\n<p><strong>Gesch\u00e4ftsf\u00fchrer<\/strong>: Christian Bubenheim<br \/>\n<strong>Registergericht<\/strong>: Amtsgericht Bayreuth<br \/>\n<strong>Handelsregister<\/strong>: HRB\u00a06659<\/p>\n<p><strong>Telefon<\/strong>: +49 921 730 88 70<br \/>\n<strong>Telefax<\/strong>: +49 921 730 88 68<br \/>\n<strong>E\u2011Mail<\/strong>:\u00a0<a href=\"mailto:info@forensic-discovery.de\" target=\"_blank\" rel=\"noreferrer noopener\">info@forensic-discovery.de<\/a><br \/>\n<strong>Website<\/strong>:\u00a0<a href=\"http:\/\/www.forensic-discovery.de\/\" target=\"_blank\" rel=\"noreferrer noopener\">www.forensic-discovery.de<\/a><\/p>\n<p><strong>Steuer-Nr<\/strong>.: 208\u00f7126\u00f780847<br \/>\n<strong>USt-IdNr<\/strong>. DE316922947<\/p>\n<p><strong>HypoVereinbank Bayreuth<br \/>\n<\/strong>IBAN DE95773200720027470980<br \/>\nBIC HYVEDEMM412<br \/>\n<strong>Penta (solarisBank AG)<br \/>\n<\/strong>IBAN DE49 1101 0100 2357 4581 72<br \/>\nBIC SOBKDEBBXXX<\/p>\n<\/div>\n<h3>Angaben zur Berufshaftpflichtversicherung:<\/h3>\n<p>Name und Sitz der Gesellschaft:<\/p>\n<p>Rhion Versicherung AG<br \/>\nRheinLandplatz<br \/>\n41460 Neuss<\/p>\n<p>Geltungsraum der Versicherung: Bundesrepublik Deutschland und alle Mitgliedsstaaten der Europ\u00e4ischen Union<br \/>\nVerantwortlich f\u00fcr den Inhalt nach \u00a7 55 Abs. 2 RStV:<\/p>\n<p>Christian Bubenheim<br \/>\nDammw\u00e4ldchen 3<br \/>\nDE-95444 Bayreuth<\/p>\n<p>Quelle: Erstellt durch den Impressum-Generator von e-recht24.de f\u00fcr Einzelunternehmer.<\/p>\n","protected":false},"excerpt":{"rendered":"<p>Angaben gem\u00e4\u00df \u00a7 5 TMG: FTT Forensic Discovery GmbH Dammw\u00e4ldchen 3 95444 Bayreuth Gesch\u00e4ftsf\u00fchrer: Christian Bubenheim Registergericht: Amtsgericht Bayreuth Handelsregister: HRB\u00a06659 Telefon: +49 921 730 88 70 Telefax: +49 921 730 88 68 E\u2011Mail:\u00a0info@forensic-discovery.de Website:\u00a0www.forensic-discovery.de Steuer-Nr.: 208\u00f7126\u00f780847 USt-IdNr. DE316922947 HypoVereinbank Bayreuth IBAN DE95773200720027470980 BIC HYVEDEMM412 Penta (solarisBank AG) IBAN DE49 1101 0100 2357 4581 72 [&hellip;]<\/p>\n","protected":false},"author":1,"featured_media":0,"parent":0,"menu_order":0,"comment_status":"open","ping_status":"open","template":"","meta":{"footnotes":""},"class_list":["post-65","page","type-page","status-publish","hentry"],"_links":{"self":[{"href":"https:\/\/nasaworldmap.com\/index.php\/wp-json\/wp\/v2\/pages\/65","targetHints":{"allow":["GET"]}}],"collection":[{"href":"https:\/\/nasaworldmap.com\/index.php\/wp-json\/wp\/v2\/pages"}],"about":[{"href":"https:\/\/nasaworldmap.com\/index.php\/wp-json\/wp\/v2\/types\/page"}],"author":[{"embeddable":true,"href":"https:\/\/nasaworldmap.com\/index.php\/wp-json\/wp\/v2\/users\/1"}],"replies":[{"embeddable":true,"href":"https:\/\/nasaworldmap.com\/index.php\/wp-json\/wp\/v2\/comments?post=65"}],"version-history":[{"count":5,"href":"https:\/\/nasaworldmap.com\/index.php\/wp-json\/wp\/v2\/pages\/65\/revisions"}],"predecessor-version":[{"id":369,"href":"https:\/\/nasaworldmap.com\/index.php\/wp-json\/wp\/v2\/pages\/65\/revisions\/369"}],"wp:attachment":[{"href":"https:\/\/nasaworldmap.com\/index.php\/wp-json\/wp\/v2\/media?parent=65"}],"curies":[{"name":"wp","href":"https:\/\/api.w.org\/{rel}","templated":true}]}}